{"id":396,"date":"2016-11-01T20:58:49","date_gmt":"2016-11-01T20:58:49","guid":{"rendered":"https:\/\/oceanwp.org\/store\/?page_id=396"},"modified":"2026-02-03T09:35:55","modified_gmt":"2026-02-03T12:35:55","slug":"home","status":"publish","type":"page","link":"https:\/\/sincomercioata.com.br\/","title":{"rendered":"Home"},"content":{"rendered":"\t\t<div data-elementor-type=\"wp-post\" data-elementor-id=\"396\" class=\"elementor elementor-396\" data-elementor-settings=\"[]\">\n\t\t\t\t\t\t<div class=\"elementor-inner\">\n\t\t\t\t\t\t\t<div class=\"elementor-section-wrap\">\n\t\t\t\t\t\t\t<section class=\"elementor-section elementor-top-section elementor-element elementor-element-abfa1ad elementor-section-boxed elementor-section-height-default elementor-section-height-default elementor-invisible\" data-id=\"abfa1ad\" data-element_type=\"section\" data-settings=\"{&quot;animation&quot;:&quot;fadeIn&quot;}\">\n\t\t\t\t\t\t<div class=\"elementor-container elementor-column-gap-default\">\n\t\t\t\t\t\t\t<div class=\"elementor-row\">\n\t\t\t\t\t<div class=\"elementor-column elementor-col-100 elementor-top-column elementor-element elementor-element-05dc4ac\" data-id=\"05dc4ac\" data-element_type=\"column\" data-settings=\"{&quot;background_background&quot;:&quot;slideshow&quot;,&quot;background_slideshow_gallery&quot;:[{&quot;id&quot;:3240,&quot;url&quot;:&quot;https:\\\/\\\/sincomercioata.com.br\\\/wp-content\\\/uploads\\\/2025\\\/05\\\/135567973-bela-paisagem-do-oceano-em-torno-da-cidade-de-pattaya-na-tailandia-na-hora-do-por-do-sol.jpg&quot;}],&quot;background_slideshow_loop&quot;:&quot;yes&quot;,&quot;background_slideshow_slide_duration&quot;:5000,&quot;background_slideshow_slide_transition&quot;:&quot;fade&quot;,&quot;background_slideshow_transition_duration&quot;:500}\">\n\t\t\t<div class=\"elementor-column-wrap elementor-element-populated\">\n\t\t\t\t\t\t\t<div class=\"elementor-widget-wrap\">\n\t\t\t\t\t\t<div class=\"elementor-element elementor-element-91f8816 elementor-widget elementor-widget-text-editor\" data-id=\"91f8816\" data-element_type=\"widget\" data-widget_type=\"text-editor.default\">\n\t\t\t\t<div class=\"elementor-widget-container\">\n\t\t\t\t\t<div class=\"elementor-text-editor elementor-clearfix\"><p style=\"text-align: justify;\"><span style=\"font-size: 14pt; line-height: 107%; font-family: arial, helvetica, sans-serif; color: #000000;\">O Sindicato do Com\u00e9rcio Varejista de Ara\u00e7atuba e Regi\u00e3o &#8211; (Sincom\u00e9rcio), garante direitos, impulsiona conquistas e fortalece o setor. A Conven\u00e7\u00e3o Coletiva de Trabalho (CCT) assegura benef\u00edcios essenciais para empresas e colaboradores, promovendo equil\u00edbrio entre capital e trabalho. Al\u00e9m da representatividade local, o sindicato amplia sua voz na Fecom\u00e9rcioSP e CNC, defendendo os interesses do varejo em todas as esferas.&nbsp;<\/span><\/p><\/div><\/div><\/div><\/div><\/div><\/div><\/div><\/div><\/section><\/div><\/div><\/div> <a href=\"https:\/\/sincomercioata.com.br\/#more-396\" class=\"more-link elementor-more-link\"><span aria-label=\"Continue reading Home\">(more&hellip;)<\/span><\/a>","protected":false},"excerpt":{"rendered":"<p>O Sindicato do Com\u00e9rcio Varejista de Ara\u00e7atuba e Regi\u00e3o &#8211; (Sincom\u00e9rcio), garante direitos, impulsiona conquistas e fortalece o setor. A Conven\u00e7\u00e3o Coletiva de Trabalho (CCT) assegura benef\u00edcios essenciais para empresas e colaboradores, promovendo equil\u00edbrio entre capital e trabalho. Al\u00e9m da representatividade local, o sindicato amplia sua voz na Fecom\u00e9rcioSP e CNC, defendendo os interesses do [&hellip;]<\/p>\n","protected":false},"author":1,"featured_media":0,"parent":0,"menu_order":0,"comment_status":"closed","ping_status":"closed","template":"","meta":{"footnotes":""},"class_list":["post-396","page","type-page","status-publish","hentry","entry"],"_links":{"self":[{"href":"https:\/\/sincomercioata.com.br\/index.php\/wp-json\/wp\/v2\/pages\/396","targetHints":{"allow":["GET"]}}],"collection":[{"href":"https:\/\/sincomercioata.com.br\/index.php\/wp-json\/wp\/v2\/pages"}],"about":[{"href":"https:\/\/sincomercioata.com.br\/index.php\/wp-json\/wp\/v2\/types\/page"}],"author":[{"embeddable":true,"href":"https:\/\/sincomercioata.com.br\/index.php\/wp-json\/wp\/v2\/users\/1"}],"replies":[{"embeddable":true,"href":"https:\/\/sincomercioata.com.br\/index.php\/wp-json\/wp\/v2\/comments?post=396"}],"version-history":[{"count":166,"href":"https:\/\/sincomercioata.com.br\/index.php\/wp-json\/wp\/v2\/pages\/396\/revisions"}],"predecessor-version":[{"id":3747,"href":"https:\/\/sincomercioata.com.br\/index.php\/wp-json\/wp\/v2\/pages\/396\/revisions\/3747"}],"wp:attachment":[{"href":"https:\/\/sincomercioata.com.br\/index.php\/wp-json\/wp\/v2\/media?parent=396"}],"curies":[{"name":"wp","href":"https:\/\/api.w.org\/{rel}","templated":true}]}}