{"id":1156,"date":"2021-01-25T18:02:50","date_gmt":"2021-01-25T21:02:50","guid":{"rendered":"https:\/\/sincomercioata.com.br\/?page_id=1156"},"modified":"2026-02-02T11:07:55","modified_gmt":"2026-02-02T14:07:55","slug":"convencao-coletiva-2","status":"publish","type":"page","link":"https:\/\/sincomercioata.com.br\/index.php\/convencao-coletiva-2\/","title":{"rendered":"Conven\u00e7\u00e3o Coletiva"},"content":{"rendered":"\t\t<div data-elementor-type=\"wp-page\" data-elementor-id=\"1156\" class=\"elementor elementor-1156\" data-elementor-settings=\"[]\">\n\t\t\t\t\t\t<div class=\"elementor-inner\">\n\t\t\t\t\t\t\t<div class=\"elementor-section-wrap\">\n\t\t\t\t\t\t\t<section class=\"elementor-section elementor-top-section elementor-element elementor-element-eabf507 elementor-section-boxed elementor-section-height-default elementor-section-height-default\" data-id=\"eabf507\" data-element_type=\"section\">\n\t\t\t\t\t\t<div class=\"elementor-container elementor-column-gap-default\">\n\t\t\t\t\t\t\t<div class=\"elementor-row\">\n\t\t\t\t\t<div class=\"elementor-column elementor-col-100 elementor-top-column elementor-element elementor-element-4c53b54\" data-id=\"4c53b54\" data-element_type=\"column\">\n\t\t\t<div class=\"elementor-column-wrap elementor-element-populated\">\n\t\t\t\t\t\t\t<div class=\"elementor-widget-wrap\">\n\t\t\t\t\t\t<div class=\"elementor-element elementor-element-9e12047 elementor-widget elementor-widget-text-editor\" data-id=\"9e12047\" data-element_type=\"widget\" data-widget_type=\"text-editor.default\">\n\t\t\t\t<div class=\"elementor-widget-container\">\n\t\t\t\t\t<div class=\"elementor-text-editor elementor-clearfix\"><p><u><b>CONVEN\u00c7\u00c3O COLETIVA DE TRABALHO DOS COMERCI\u00c1RIOS<\/b><\/u><\/p>\n<p><a href=\"https:\/\/sincomercioata.com.br\/wp-content\/uploads\/2026\/01\/Termo-de-Aditamento-CCT-2025-2026.pdf\" target=\"_blank\" rel=\"noopener\"><b>TERMO DE ADITAMENTO CCT 2025\/2026<\/b><\/a><\/p>\n<p><a href=\"https:\/\/sincomercioata.com.br\/wp-content\/uploads\/2025\/11\/Convencao-Comerciarios-2025-2026.pdf\" target=\"_blank\"><b>2025\/2026<\/b><\/a><\/p>\n<p><a href=\"https:\/\/sincomercioata.com.br\/wp-content\/uploads\/2025\/01\/Convencao-Comerciarios-2024-2025.pdf\" target=\"_blank\"><b>2024\/2025<\/b><\/a><\/p><\/div>\n\t\t\t\t<\/div>\n\t\t\t\t<\/div>\n\t\t\t\t\t\t<\/div>\n\t\t\t\t\t<\/div>\n\t\t<\/div>\n\t\t\t\t\t\t\t\t<\/div>\n\t\t\t\t\t<\/div>\n\t\t<\/section>\n\t\t\t\t<section class=\"elementor-section elementor-top-section elementor-element elementor-element-b376bcc elementor-section-boxed elementor-section-height-default elementor-section-height-default\" data-id=\"b376bcc\" data-element_type=\"section\">\n\t\t\t\t\t\t<div class=\"elementor-container elementor-column-gap-default\">\n\t\t\t\t\t\t\t<div class=\"elementor-row\">\n\t\t\t\t\t<div class=\"elementor-column elementor-col-100 elementor-top-column elementor-element elementor-element-3e0b642\" data-id=\"3e0b642\" data-element_type=\"column\">\n\t\t\t<div class=\"elementor-column-wrap elementor-element-populated\">\n\t\t\t\t\t\t\t<div class=\"elementor-widget-wrap\">\n\t\t\t\t\t\t<div class=\"elementor-element elementor-element-251c095 elementor-widget elementor-widget-text-editor\" data-id=\"251c095\" data-element_type=\"widget\" data-widget_type=\"text-editor.default\">\n\t\t\t\t<div class=\"elementor-widget-container\">\n\t\t\t\t\t<div class=\"elementor-text-editor elementor-clearfix\"><p><u><b>CONVEN\u00c7\u00c3O COLETIVA DE TRABALHO CATEGORIA DIFERENCIADA DOS MOTORISTAS NO COM\u00c9RCIO<\/b><\/u><\/p>\n<p><a href=\"https:\/\/sincomercioata.com.br\/wp-content\/uploads\/2026\/02\/Convencao-Motoristas-2025-2026.pdf\" target=\"_blank\"><b>2025\/2026<\/b><\/a><\/p>\n<p><a href=\"https:\/\/sincomercioata.com.br\/wp-content\/uploads\/2025\/03\/Convencao-Motoristas-2024-2025.pdf\" target=\"_blank\" rel=\"noopener\"><b>2024\/2025<\/b><\/a><\/p><\/div>\n\t\t\t\t<\/div>\n\t\t\t\t<\/div>\n\t\t\t\t\t\t<\/div>\n\t\t\t\t\t<\/div>\n\t\t<\/div>\n\t\t\t\t\t\t\t\t<\/div>\n\t\t\t\t\t<\/div>\n\t\t<\/section>\n\t\t\t\t\t\t<\/div>\n\t\t\t\t\t\t<\/div>\n\t\t\t\t\t<\/div>\n\t\t","protected":false},"excerpt":{"rendered":"<p>CONVEN\u00c7\u00c3O COLETIVA DE TRABALHO DOS COMERCI\u00c1RIOS TERMO DE ADITAMENTO CCT 2025\/2026 2025\/2026 2024\/2025 CONVEN\u00c7\u00c3O COLETIVA DE TRABALHO CATEGORIA DIFERENCIADA DOS MOTORISTAS NO COM\u00c9RCIO 2025\/2026 2024\/2025<\/p>\n","protected":false},"author":1,"featured_media":0,"parent":0,"menu_order":0,"comment_status":"closed","ping_status":"closed","template":"","meta":{"footnotes":""},"class_list":["post-1156","page","type-page","status-publish","hentry","entry"],"_links":{"self":[{"href":"https:\/\/sincomercioata.com.br\/index.php\/wp-json\/wp\/v2\/pages\/1156","targetHints":{"allow":["GET"]}}],"collection":[{"href":"https:\/\/sincomercioata.com.br\/index.php\/wp-json\/wp\/v2\/pages"}],"about":[{"href":"https:\/\/sincomercioata.com.br\/index.php\/wp-json\/wp\/v2\/types\/page"}],"author":[{"embeddable":true,"href":"https:\/\/sincomercioata.com.br\/index.php\/wp-json\/wp\/v2\/users\/1"}],"replies":[{"embeddable":true,"href":"https:\/\/sincomercioata.com.br\/index.php\/wp-json\/wp\/v2\/comments?post=1156"}],"version-history":[{"count":99,"href":"https:\/\/sincomercioata.com.br\/index.php\/wp-json\/wp\/v2\/pages\/1156\/revisions"}],"predecessor-version":[{"id":3742,"href":"https:\/\/sincomercioata.com.br\/index.php\/wp-json\/wp\/v2\/pages\/1156\/revisions\/3742"}],"wp:attachment":[{"href":"https:\/\/sincomercioata.com.br\/index.php\/wp-json\/wp\/v2\/media?parent=1156"}],"curies":[{"name":"wp","href":"https:\/\/api.w.org\/{rel}","templated":true}]}}